{"id":1433,"date":"2024-03-06T10:28:19","date_gmt":"2024-03-06T08:28:19","guid":{"rendered":"https:\/\/bfscg.me\/?page_id=1433"},"modified":"2024-06-15T16:58:06","modified_gmt":"2024-06-15T14:58:06","slug":"predsjednik-saveza","status":"publish","type":"page","link":"https:\/\/bfscg.me\/?page_id=1433","title":{"rendered":"Predsjednik saveza"},"content":{"rendered":"\t\t<div data-elementor-type=\"wp-page\" data-elementor-id=\"1433\" class=\"elementor elementor-1433\">\n\t\t\t\t\t\t<section class=\"elementor-section elementor-top-section elementor-element elementor-element-911e2a7 elementor-section-boxed elementor-section-height-default elementor-section-height-default\" data-id=\"911e2a7\" data-element_type=\"section\" data-e-type=\"section\">\n\t\t\t\t\t\t<div class=\"elementor-container elementor-column-gap-default\">\n\t\t\t\t\t<div class=\"elementor-column elementor-col-50 elementor-top-column elementor-element elementor-element-9033b99\" data-id=\"9033b99\" data-element_type=\"column\" data-e-type=\"column\">\n\t\t\t<div class=\"elementor-widget-wrap elementor-element-populated\">\n\t\t\t\t\t\t<div class=\"elementor-element elementor-element-4307858 elementor-widget elementor-widget-image\" data-id=\"4307858\" data-element_type=\"widget\" data-e-type=\"widget\" data-widget_type=\"image.default\">\n\t\t\t\t<div class=\"elementor-widget-container\">\n\t\t\t\t\t\t\t\t\t\t\t\t\t\t\t<img fetchpriority=\"high\" decoding=\"async\" width=\"878\" height=\"855\" src=\"https:\/\/bfscg.me\/wp-content\/uploads\/2024\/06\/Drazen-Vujosevic.jpg\" class=\"attachment-large size-large wp-image-1557\" alt=\"\" srcset=\"https:\/\/bfscg.me\/wp-content\/uploads\/2024\/06\/Drazen-Vujosevic.jpg 878w, https:\/\/bfscg.me\/wp-content\/uploads\/2024\/06\/Drazen-Vujosevic-300x292.jpg 300w, https:\/\/bfscg.me\/wp-content\/uploads\/2024\/06\/Drazen-Vujosevic-768x748.jpg 768w, https:\/\/bfscg.me\/wp-content\/uploads\/2024\/06\/Drazen-Vujosevic-12x12.jpg 12w\" sizes=\"(max-width: 878px) 100vw, 878px\" \/>\t\t\t\t\t\t\t\t\t\t\t\t\t\t\t<\/div>\n\t\t\t\t<\/div>\n\t\t\t\t\t<\/div>\n\t\t<\/div>\n\t\t\t\t<div class=\"elementor-column elementor-col-50 elementor-top-column elementor-element elementor-element-b02535c\" data-id=\"b02535c\" data-element_type=\"column\" data-e-type=\"column\">\n\t\t\t<div class=\"elementor-widget-wrap elementor-element-populated\">\n\t\t\t\t\t\t<div class=\"elementor-element elementor-element-cec8b2f elementor-widget elementor-widget-text-editor\" data-id=\"cec8b2f\" data-element_type=\"widget\" data-e-type=\"widget\" data-widget_type=\"text-editor.default\">\n\t\t\t\t<div class=\"elementor-widget-container\">\n\t\t\t\t\t\t\t\t\t<p>DRA\u017dEN VUJO\u0160EVI\u0106 RO\u0110EN JE 20. DECEMBRA 1995. GODINE U PODGORICI. POHA\u0110AO JE O\u0160 \u201cSAVO PEJANOVIC\u201d, KAO I SREDNJU ELEKTROTEHNI\u010cKU \u0160KOLU \u201cVASA ALIGRUDI\u0106\u201d U PODGORICI. BODIBILDINGOM I PROFESIONALNIM DIZANJEM TEGOVA (POWERLIFTINGOM) SE BAVIO KOMBINOVANO OD 2012. GODINE. DRA\u017dEN JE OSTVARIO SJAJNE REZULTATE NA SVJETSKOM PRVENSTVU U PROFESIONALNOM DIZANJU TEGOVA U BUDIMPE\u0160TI, GDJE JE OSVOJIO PRVO MJESTO. RANIJE &#8211; ISTE GODINE, KRUNISAO SE I TITULOM EVROPSKOG PRVAKA, \u0160TO JE BIO SAMO PO\u010cETAK IMPRESIVNIH SPORTSKIH DOSTIGNU\u0106A. TOKOM GODINA BAVLJENJA OVIM SPORTOM, DRA\u017dEN JE BIO VLASNIK \u010cAK TRI SVJETSKA REKORDA U PROFESIONALNOM DIZANJU TEGOVA ZA JUNIORSKE KATEGORIJE. ZA SVOJE IZUZETNE SPORTSKE REZULTATE, DRA\u017dEN VUJO\u0160EVI\u0106 JE DOBIO PRIZNANJE OD DR\u017dAVE CRNE GORE 2013. GODINE, \u010cIME JE DODATNO POTVR\u0110ENA NJEGOVA IZUZETNOST U SPORTU. <br \/><br \/>U FEBRUARU 2023. GODINE, DRA\u017dEN VUJO\u0160EVI\u0106 PREUZEO JE ODGOVORNOST KAO PREDSJEDNIK BODIBILDING I FITNES SAVEZA CRNE GORE, POSTAV\u0160I NAJMLA\u0110I PREDSJEDNIK JEDNOG SPORTSKOG SAVEZA U SKLOPU KROVNE IFBB FEDERACIJE. NJEGOV ENTUZIJAZAM, POSVE\u0106ENOST I STRU\u010cNOST \u010cINE GA NE SAMO IZUZETNIM SPORTISTOM VE\u0106 I LIDEROM U ZAJEDNICI BODIBILDINGA I FITNESA.<br \/><br \/>ANGA\u017dOVANJEM PREDSJEDNIKA SAVEZA DRA\u017dENA VUJO\u0160EVI\u0106A, OD STRANE SVJETSKE IFBB FEDERACIJE CRNA GORA DOBILA IFBB AKADEMIJU KOJA JE 34 U SVIJETU, INTERNACIONALNO PRIZNATU, KAO I MR UNIVERSE ZA 2023. GOD. I INTERKONTINENTALNI KUP ZA 2024. GODINU.<br \/><br \/>PREDSJEDNIKU SAVEZA, DRA\u017dENU VUJO\u0160EVI\u0106U, URU\u010cENA JE ZLATNA MEDALJA ZA ME\u0110UNARODNI DOPRINOS PROMOCIJI SPORTA OD STRANE PREDSJEDNIKA SVJETSKE FEDERACIJE. CEREMONIJA URU\u010cENJA ODR\u017dANA JE U KATALONIJI, U GRADU SANTA SUZANA, TOKOM SVJETSKOG IFBB KONGRESA. OVOM DOGA\u0110AJU PRISUSTVOVALI SU \u010cELNICI SVJETSKE ANTIDOPING AGENCIJE, PREDSJEDNIK OP\u0160TINE SANTA SUZANA, KAO I PREDSTAVNICI 140 ZEMALJA.<\/p>\t\t\t\t\t\t\t\t<\/div>\n\t\t\t\t<\/div>\n\t\t\t\t\t<\/div>\n\t\t<\/div>\n\t\t\t\t\t<\/div>\n\t\t<\/section>\n\t\t\t\t<\/div>\n\t\t","protected":false},"excerpt":{"rendered":"<p>DRA\u017dEN VUJO\u0160EVI\u0106 RO\u0110EN JE 20. DECEMBRA 1995. GODINE U PODGORICI. POHA\u0110AO JE O\u0160 \u201cSAVO PEJANOVIC\u201d, KAO I SREDNJU ELEKTROTEHNI\u010cKU \u0160KOLU \u201cVASA ALIGRUDI\u0106\u201d U PODGORICI. BODIBILDINGOM I PROFESIONALNIM DIZANJEM TEGOVA (POWERLIFTINGOM) SE BAVIO KOMBINOVANO OD 2012. GODINE. DRA\u017dEN JE OSTVARIO SJAJNE REZULTATE NA SVJETSKOM PRVENSTVU U PROFESIONALNOM DIZANJU TEGOVA U BUDIMPE\u0160TI, GDJE JE OSVOJIO PRVO MJESTO. [&hellip;]<\/p>\n","protected":false},"author":1,"featured_media":0,"parent":0,"menu_order":0,"comment_status":"closed","ping_status":"closed","template":"","meta":{"site-sidebar-layout":"no-sidebar","site-content-layout":"page-builder","ast-site-content-layout":"full-width-container","site-content-style":"unboxed","site-sidebar-style":"unboxed","ast-global-header-display":"","ast-banner-title-visibility":"","ast-main-header-display":"","ast-hfb-above-header-display":"","ast-hfb-below-header-display":"","ast-hfb-mobile-header-display":"","site-post-title":"disabled","ast-breadcrumbs-content":"","ast-featured-img":"disabled","footer-sml-layout":"","ast-disable-related-posts":"","theme-transparent-header-meta":"default","adv-header-id-meta":"","stick-header-meta":"","header-above-stick-meta":"","header-main-stick-meta":"","header-below-stick-meta":"","astra-migrate-meta-layouts":"set","ast-page-background-enabled":"default","ast-page-background-meta":{"desktop":{"background-color":"","background-image":"","background-repeat":"repeat","background-position":"center center","background-size":"auto","background-attachment":"scroll","background-type":"","background-media":"","overlay-type":"","overlay-color":"","overlay-opacity":"","overlay-gradient":""},"tablet":{"background-color":"","background-image":"","background-repeat":"repeat","background-position":"center center","background-size":"auto","background-attachment":"scroll","background-type":"","background-media":"","overlay-type":"","overlay-color":"","overlay-opacity":"","overlay-gradient":""},"mobile":{"background-color":"","background-image":"","background-repeat":"repeat","background-position":"center center","background-size":"auto","background-attachment":"scroll","background-type":"","background-media":"","overlay-type":"","overlay-color":"","overlay-opacity":"","overlay-gradient":""}},"ast-content-background-meta":{"desktop":{"background-color":"var(--ast-global-color-5)","background-image":"","background-repeat":"repeat","background-position":"center center","background-size":"auto","background-attachment":"scroll","background-type":"","background-media":"","overlay-type":"","overlay-color":"","overlay-opacity":"","overlay-gradient":""},"tablet":{"background-color":"var(--ast-global-color-5)","background-image":"","background-repeat":"repeat","background-position":"center center","background-size":"auto","background-attachment":"scroll","background-type":"","background-media":"","overlay-type":"","overlay-color":"","overlay-opacity":"","overlay-gradient":""},"mobile":{"background-color":"var(--ast-global-color-5)","background-image":"","background-repeat":"repeat","background-position":"center center","background-size":"auto","background-attachment":"scroll","background-type":"","background-media":"","overlay-type":"","overlay-color":"","overlay-opacity":"","overlay-gradient":""}},"footnotes":""},"class_list":["post-1433","page","type-page","status-publish","hentry"],"_links":{"self":[{"href":"https:\/\/bfscg.me\/index.php?rest_route=\/wp\/v2\/pages\/1433","targetHints":{"allow":["GET"]}}],"collection":[{"href":"https:\/\/bfscg.me\/index.php?rest_route=\/wp\/v2\/pages"}],"about":[{"href":"https:\/\/bfscg.me\/index.php?rest_route=\/wp\/v2\/types\/page"}],"author":[{"embeddable":true,"href":"https:\/\/bfscg.me\/index.php?rest_route=\/wp\/v2\/users\/1"}],"replies":[{"embeddable":true,"href":"https:\/\/bfscg.me\/index.php?rest_route=%2Fwp%2Fv2%2Fcomments&post=1433"}],"version-history":[{"count":6,"href":"https:\/\/bfscg.me\/index.php?rest_route=\/wp\/v2\/pages\/1433\/revisions"}],"predecessor-version":[{"id":1561,"href":"https:\/\/bfscg.me\/index.php?rest_route=\/wp\/v2\/pages\/1433\/revisions\/1561"}],"wp:attachment":[{"href":"https:\/\/bfscg.me\/index.php?rest_route=%2Fwp%2Fv2%2Fmedia&parent=1433"}],"curies":[{"name":"wp","href":"https:\/\/api.w.org\/{rel}","templated":true}]}}