{"id":501,"date":"2021-05-02T12:48:39","date_gmt":"2021-05-02T10:48:39","guid":{"rendered":"https:\/\/bfscg.me\/?page_id=501"},"modified":"2025-08-23T13:13:55","modified_gmt":"2025-08-23T11:13:55","slug":"organi-upravljanja","status":"publish","type":"page","link":"https:\/\/bfscg.me\/?page_id=501","title":{"rendered":"Organi upravljanja"},"content":{"rendered":"\t\t<div data-elementor-type=\"wp-page\" data-elementor-id=\"501\" class=\"elementor elementor-501\">\n\t\t\t\t\t\t<section class=\"elementor-section elementor-top-section elementor-element elementor-element-027c6ed elementor-section-boxed elementor-section-height-default elementor-section-height-default\" data-id=\"027c6ed\" data-element_type=\"section\" data-e-type=\"section\">\n\t\t\t\t\t\t<div class=\"elementor-container elementor-column-gap-default\">\n\t\t\t\t\t<div class=\"elementor-column elementor-col-100 elementor-top-column elementor-element elementor-element-77d00fe\" data-id=\"77d00fe\" data-element_type=\"column\" data-e-type=\"column\">\n\t\t\t<div class=\"elementor-widget-wrap elementor-element-populated\">\n\t\t\t\t\t\t<div class=\"elementor-element elementor-element-a49bf5a elementor-widget elementor-widget-text-editor\" data-id=\"a49bf5a\" data-element_type=\"widget\" data-e-type=\"widget\" data-widget_type=\"text-editor.default\">\n\t\t\t\t<div class=\"elementor-widget-container\">\n\t\t\t\t\t\t\t\t\t<p><b>PREDSJEDNIK<\/b><strong> BFCFSCG<\/strong><\/p><ul><li>Dra\u017een Vujo\u0161evi\u0107<\/li><\/ul><p><strong>POTPREDSJEDNICA BFCFSCG<\/strong><\/p><ul><li>Ksenija Duki\u0107<\/li><li>Sr\u0111an Vukicevi\u0107<\/li><\/ul><p><strong>DIREKTOR BFCFSCG<\/strong><\/p><ul><li>Nikola Vuja\u010di\u0107<\/li><\/ul><p><strong>UPRAVNI ODBOR BFCFSCG<\/strong><\/p><ol><li>Dra\u017een Vujo\u0161evi\u0107, predsjednik UO<\/li><li>Ksenija Duki\u0107<\/li><li>Azra \u0160ukurica, aktivni sportista<\/li><li>Miodrag Poleksi\u0107<\/li><li>Jasmin Hot<\/li><\/ol><p><strong>SKUP\u0160TINA BFCFSCG &#8211; delegati<\/strong><\/p><ol><li>Milo\u0161 Savovi\u0107 &#8211; Body building i fitness sportski klub \u2019\u2019Xenia\u2019\u2019 Podgorica<\/li><li>Hajdana Mugo\u0161a &#8211; Body building and fitness club \u2019\u2019Haydana\u2019s\u2019\u2019 Podgorica<\/li><li>Danijela Poleksi\u0107 &#8211; Body building and fitness club sportski klub \u2019\u2019Top Gym\u2019\u2019 Podgorica<\/li><li>Magdalena Radonji\u0107 &#8211; Bodi bilding fitnes klub \u2019\u2019Maximus\u2019\u2019 Bar<\/li><li>Ana Gazdi\u0107 &#8211; Body building and fitness club \u2019\u2019Bodyfit\u2019\u2019 Nik\u0161i\u0107<\/li><li>Seka Lopu\u0161ina &#8211; Body building klub \u2019\u2019Sajz\u2019\u2019 Bijelo Polje<\/li><li>Milija Bo\u017eovi\u0107 &#8211; Bodi bilding i fitnes klub \u2019\u2019Crossfit Arena\u2019\u2019 Tivat<\/li><li>Jovan Vico &#8211; Body bilding klub \u2019\u2019Gym 2000 Boka\u2019\u2019 Herceg Novi<\/li><li>Dejan Popovi\u0107 &#8211; Bodybuilding klub \u2019\u2019Miki\u2019\u2019 Podgorica<\/li><li>Sr\u0111an Brankovi\u0107 &#8211; Fitnes bodibuilding klub \u2019\u2019Fitness4life\u2019\u2019 Tivat<\/li><li>Savo Radunovi\u0107 &#8211; Bodi bilding i fitnes klub \u2019\u2019Medisport\u2019\u2019 Podgorica<\/li><li>Stefan \u0160ekularac &#8211; Body building i fitness klub &#8221;Kolos gym&#8221; Bijelo Polje<\/li><li>Marko Jeli\u0107 &#8211; Bodybuilding i fitness klub \u201eF-GYM\u201c \u2013 Podgorica<\/li><li>Aleksandar Rako\u010devi\u0107 &#8211; Bodybuilding &amp; fitness klub \u201eHERKUL GYM\u201c \u2013 Cetinje<\/li><\/ol><p><strong>PREDSJEDNIK SKUP\u0160TINE BFCFSCG<\/strong><\/p><ul><li>Sr\u0111an Brankovi\u0107<\/li><\/ul><p><b>SELEKTORI I TRENERI REPREZENTACIJE BFCFSCG<\/b><\/p><ol><li>Vuk Rankovi\u0107 &#8211; selektor seniorske bodybuilding reprezentacije<\/li><li>Aleksandar Rako\u010devi\u0107 &#8211; trener seniorske bodybuilding reprezentacije<\/li><li>\u0110or\u0111ije Radonji\u0107 &#8211; trener i selektor juniorske bodybuilding reprezentacije<\/li><li>Jasmin Hot &#8211; trener i selektor juniorske i seniorske fitness reprezentacije<\/li><\/ol><p><b>GENERALNI SEKRETAR BFCFSCG<\/b><\/p><ul><li>\u00a0 \u00a0<\/li><\/ul><p><strong>DISCIPLINSKA KOMISIJA<\/strong><\/p><ol><li>Nikola Vuja\u010di\u0107 (predsjednik komisije)<\/li><li>Mladen Kosti\u0107<\/li><li>Miodrag Poleksi\u0107<\/li><\/ol><p><strong>SUDIJSKA KOMISIJA<\/strong><\/p><ol><li>Vladan Laki\u0107 (predsjednik komisije)<\/li><li>Dra\u017een Vujo\u0161evi\u0107<\/li><li>Vladimir Popovi\u0107<\/li><\/ol>\t\t\t\t\t\t\t\t<\/div>\n\t\t\t\t<\/div>\n\t\t\t\t<div class=\"elementor-element elementor-element-cecb166 elementor-widget elementor-widget-text-editor\" data-id=\"cecb166\" data-element_type=\"widget\" data-e-type=\"widget\" data-widget_type=\"text-editor.default\">\n\t\t\t\t<div class=\"elementor-widget-container\">\n\t\t\t\t\t\t\t\t\t<p><strong>REDOVNI \u010cLANOVI<\/strong><\/p><ol><li>Body building and fitness sportski klub \u201cTOP GYM\u201d &#8211; Podgorica<\/li><li>Body building and fitness club \u201cXENIA\u201d &#8211; Podgorica<\/li><li>Bodybuilding i fitness klub \u201cHAYDANA&#8217;S FITNESS\u201d &#8211; Podgorica<\/li><li>Body building i fitness klub \u201cMAXIMUS\u201d &#8211; Bar<\/li><li>Body building and fitness club \u201cBODYFIT\u201d &#8211; Nik\u0161i\u0107<\/li><li>Fitness body building klub \u201cFITNESS4LIFE\u201d &#8211; Tivat<\/li><li>Bodibilding i fitnes klub \u2018\u2019CROSFIT ARENA\u2019\u2019 &#8211; Tivat<\/li><li>Bodi bilding klub \u201cGYM 2000 BOKA\u201d &#8211; Herceg Novi<\/li><li>Bodybuilding klub \u2018\u2019SAJZ\u2019\u2019 &#8211; Bijelo Polje<\/li><li>Bodibilding i fitnes klub \u2018\u2019MEDISPORT\u2019\u2019 &#8211; Podgorica<\/li><li>Bodi bilding klub \u201cMIKI\u201d &#8211; Podgorica<\/li><li>Body building &amp; fitness klub \u201cKOLOS GYM\u201d &#8211; Bijelo Polje<\/li><li>Bodybuilding i fitness klub \u201eF-GYM\u201c \u2013 Podgorica<\/li><li>Bodybuilding &amp; fitness klub \u201eHERKUL GYM\u201c \u2013 Cetinje<\/li><\/ol><p><b>PRIDRU\u017dENI \u010cLANOVI:<\/b><\/p><ul><li><span style=\"font-size: 16px;\">Bodybuilding, fitness i cross-fit klub &#8221;FIT BOX&#8221; &#8211; Ulcinj<\/span><\/li><li><span style=\"font-size: 16px;\">Bodybuilding, fitness i cross-fit klub &#8221;BIG FITNESS&#8221; &#8211; Podgorica<\/span><\/li><\/ul><div><strong>Rjesenja o registraciji Min sporta:<\/strong><\/div><div><a href=\"https:\/\/bfscg.me\/wp-content\/uploads\/2021\/10\/top-gym.pdf\">&#8221;TOP GYM&#8221;<\/a><\/div><div><a href=\"https:\/\/bfscg.me\/wp-content\/uploads\/2021\/10\/XENIA.pdf\">&#8221;XENIA&#8221;<\/a><\/div><div><a href=\"https:\/\/bfscg.me\/wp-content\/uploads\/2021\/10\/HAYDANAS.pdf\">&#8221;HAYDANAS&#8221;<\/a><\/div><div><a href=\"https:\/\/bfscg.me\/wp-content\/uploads\/2021\/10\/rjesenje-bodyfit.pdf\">&#8221;BODYFIT&#8221;<\/a><\/div><div><a href=\"https:\/\/bfscg.me\/wp-content\/uploads\/2021\/10\/BODYBUILDING-KLUB-MIKI.pdf\">&#8221;MIKI&#8221;<\/a><\/div><div><a href=\"https:\/\/bfscg.me\/wp-content\/uploads\/2021\/10\/GYM2000BOKA.pdf\">&#8221;GYM2000BOKA&#8221;<\/a><\/div><div><a href=\"https:\/\/bfscg.me\/wp-content\/uploads\/2021\/10\/Fitness4life-rjesenje-strana-1.pdf\">&#8221;Fitness4life&#8221;-strana 1<\/a><\/div><div><a href=\"https:\/\/bfscg.me\/wp-content\/uploads\/2021\/10\/Fitness4life-rjesenje-strana-2.pdf\">&#8221;Fitness4life&#8221;-strana 2<\/a><\/div><div><a href=\"https:\/\/bfscg.me\/wp-content\/uploads\/2021\/10\/Fitness4life-rjesenje-strana-3.pdf\">&#8221;Fitness4life&#8221;-strana 3<\/a><\/div><div><a href=\"https:\/\/bfscg.me\/wp-content\/uploads\/2021\/10\/BODYBUILDING-KLUB-SAJZ.pdf\">&#8221;SAJZ&#8221;<\/a><\/div><div><a href=\"https:\/\/bfscg.me\/wp-content\/uploads\/2021\/10\/Medisport.pdf\">&#8221;MEDISPORT<\/a><\/div><div><a href=\"https:\/\/bfscg.me\/wp-content\/uploads\/2021\/10\/RJESENJE-CROSSFIT.pdf\">&#8221;CROSSFIT ARENA&#8221;<\/a><\/div><div><a href=\"https:\/\/bfscg.me\/wp-content\/uploads\/2021\/10\/KOLOS-GYM.pdf\">&#8221;KOLOS GYM&#8221;<\/a><\/div><div><a href=\"https:\/\/bfscg.me\/wp-content\/uploads\/2024\/11\/FGYM-RJESENJE-Ministarstva-sporta.pdf\">FGYM<\/a><\/div><div><a href=\"https:\/\/bfscg.me\/wp-content\/uploads\/2024\/11\/Rjesenje-HERKUL-GYM.pdf\">HERKUL GYM<\/a><\/div><div><a href=\"https:\/\/bfscg.me\/wp-content\/uploads\/2025\/08\/Rjesenje-Ministarstva-sporta-BIG-FITNESS.pdf\">BIG FITNESS<\/a><\/div><div><a href=\"https:\/\/bfscg.me\/wp-content\/uploads\/2025\/08\/Rjesenje-FIT-BOX.pdf\">FIT BOX<\/a><\/div>\t\t\t\t\t\t\t\t<\/div>\n\t\t\t\t<\/div>\n\t\t\t\t\t<\/div>\n\t\t<\/div>\n\t\t\t\t\t<\/div>\n\t\t<\/section>\n\t\t\t\t<\/div>\n\t\t","protected":false},"excerpt":{"rendered":"<p>PREDSJEDNIK BFCFSCG Dra\u017een Vujo\u0161evi\u0107 POTPREDSJEDNICA BFCFSCG Ksenija Duki\u0107 Sr\u0111an Vukicevi\u0107 DIREKTOR BFCFSCG Nikola Vuja\u010di\u0107 UPRAVNI ODBOR BFCFSCG Dra\u017een Vujo\u0161evi\u0107, predsjednik UO Ksenija Duki\u0107 Azra \u0160ukurica, aktivni sportista Miodrag Poleksi\u0107 Jasmin Hot SKUP\u0160TINA BFCFSCG &#8211; delegati Milo\u0161 Savovi\u0107 &#8211; Body building i fitness sportski klub \u2019\u2019Xenia\u2019\u2019 Podgorica Hajdana Mugo\u0161a &#8211; Body building and fitness club \u2019\u2019Haydana\u2019s\u2019\u2019 [&hellip;]<\/p>\n","protected":false},"author":2,"featured_media":0,"parent":0,"menu_order":0,"comment_status":"closed","ping_status":"closed","template":"","meta":{"site-sidebar-layout":"no-sidebar","site-content-layout":"page-builder","ast-site-content-layout":"default","site-content-style":"default","site-sidebar-style":"default","ast-global-header-display":"","ast-banner-title-visibility":"","ast-main-header-display":"","ast-hfb-above-header-display":"","ast-hfb-below-header-display":"","ast-hfb-mobile-header-display":"","site-post-title":"disabled","ast-breadcrumbs-content":"","ast-featured-img":"disabled","footer-sml-layout":"","ast-disable-related-posts":"","theme-transparent-header-meta":"default","adv-header-id-meta":"","stick-header-meta":"","header-above-stick-meta":"","header-main-stick-meta":"","header-below-stick-meta":"","astra-migrate-meta-layouts":"default","ast-page-background-enabled":"default","ast-page-background-meta":{"desktop":{"background-color":"","background-image":"","background-repeat":"repeat","background-position":"center center","background-size":"auto","background-attachment":"scroll","background-type":"","background-media":"","overlay-type":"","overlay-color":"","overlay-opacity":"","overlay-gradient":""},"tablet":{"background-color":"","background-image":"","background-repeat":"repeat","background-position":"center center","background-size":"auto","background-attachment":"scroll","background-type":"","background-media":"","overlay-type":"","overlay-color":"","overlay-opacity":"","overlay-gradient":""},"mobile":{"background-color":"","background-image":"","background-repeat":"repeat","background-position":"center center","background-size":"auto","background-attachment":"scroll","background-type":"","background-media":"","overlay-type":"","overlay-color":"","overlay-opacity":"","overlay-gradient":""}},"ast-content-background-meta":{"desktop":{"background-color":"var(--ast-global-color-5)","background-image":"","background-repeat":"repeat","background-position":"center center","background-size":"auto","background-attachment":"scroll","background-type":"","background-media":"","overlay-type":"","overlay-color":"","overlay-opacity":"","overlay-gradient":""},"tablet":{"background-color":"var(--ast-global-color-5)","background-image":"","background-repeat":"repeat","background-position":"center center","background-size":"auto","background-attachment":"scroll","background-type":"","background-media":"","overlay-type":"","overlay-color":"","overlay-opacity":"","overlay-gradient":""},"mobile":{"background-color":"var(--ast-global-color-5)","background-image":"","background-repeat":"repeat","background-position":"center center","background-size":"auto","background-attachment":"scroll","background-type":"","background-media":"","overlay-type":"","overlay-color":"","overlay-opacity":"","overlay-gradient":""}},"footnotes":""},"class_list":["post-501","page","type-page","status-publish","hentry"],"_links":{"self":[{"href":"https:\/\/bfscg.me\/index.php?rest_route=\/wp\/v2\/pages\/501","targetHints":{"allow":["GET"]}}],"collection":[{"href":"https:\/\/bfscg.me\/index.php?rest_route=\/wp\/v2\/pages"}],"about":[{"href":"https:\/\/bfscg.me\/index.php?rest_route=\/wp\/v2\/types\/page"}],"author":[{"embeddable":true,"href":"https:\/\/bfscg.me\/index.php?rest_route=\/wp\/v2\/users\/2"}],"replies":[{"embeddable":true,"href":"https:\/\/bfscg.me\/index.php?rest_route=%2Fwp%2Fv2%2Fcomments&post=501"}],"version-history":[{"count":5,"href":"https:\/\/bfscg.me\/index.php?rest_route=\/wp\/v2\/pages\/501\/revisions"}],"predecessor-version":[{"id":1665,"href":"https:\/\/bfscg.me\/index.php?rest_route=\/wp\/v2\/pages\/501\/revisions\/1665"}],"wp:attachment":[{"href":"https:\/\/bfscg.me\/index.php?rest_route=%2Fwp%2Fv2%2Fmedia&parent=501"}],"curies":[{"name":"wp","href":"https:\/\/api.w.org\/{rel}","templated":true}]}}