{"id":509,"date":"2021-05-02T12:50:11","date_gmt":"2021-05-02T10:50:11","guid":{"rendered":"https:\/\/bfscg.me\/?page_id=509"},"modified":"2024-06-19T10:22:23","modified_gmt":"2024-06-19T08:22:23","slug":"uclanjenje","status":"publish","type":"page","link":"https:\/\/bfscg.me\/?page_id=509","title":{"rendered":"U\u010dlanjenje"},"content":{"rendered":"\t\t<div data-elementor-type=\"wp-page\" data-elementor-id=\"509\" class=\"elementor elementor-509\">\n\t\t\t\t\t\t<section class=\"elementor-section elementor-top-section elementor-element elementor-element-027c6ed elementor-section-boxed elementor-section-height-default elementor-section-height-default\" data-id=\"027c6ed\" data-element_type=\"section\" data-e-type=\"section\">\n\t\t\t\t\t\t<div class=\"elementor-container elementor-column-gap-default\">\n\t\t\t\t\t<div class=\"elementor-column elementor-col-100 elementor-top-column elementor-element elementor-element-77d00fe\" data-id=\"77d00fe\" data-element_type=\"column\" data-e-type=\"column\">\n\t\t\t<div class=\"elementor-widget-wrap elementor-element-populated\">\n\t\t\t\t\t\t<div class=\"elementor-element elementor-element-a49bf5a elementor-widget elementor-widget-text-editor\" data-id=\"a49bf5a\" data-element_type=\"widget\" data-e-type=\"widget\" data-widget_type=\"text-editor.default\">\n\t\t\t\t<div class=\"elementor-widget-container\">\n\t\t\t\t\t\t\t\t\t<p>U\u010dlanjenje u Savez se vr\u0161i na osnovu zahtjeva i propisanih formulara koji se prila\u017eu uz <b>pristupnicu<\/b> &#8211; izjavu \u010dlana koji ispunjava uslove iz Zakona i ovog Statuta, o \u010demu odluku donosi Upravni odbor.<\/p><p>Zahtjev za prijem u \u010dlanstvo mo\u017ee se odbiti samo ukoliko podnosilac zahtjeva ne ispunjava uslove iz \u010dlana 8. st. 5.\u00a0 Statuta BFSCG ili ako postoji drugi posebno opravdani razlozi za odbijanje prijema (okolnosti koje ukazuju da bi prijem izuzetno \u0161tetio interesima Saveza i ostvarivanju njegovih ciljeva).<br \/>Savez je du\u017ean da u roku od 15 dana od dana podno\u0161enja zahtjeva i potvrde iz \u010dlana 8. st. 5. Statuta u\u010dlani\u00a0 klub u Savez.<\/p><p>Ukoliko podnosioc zahtjeva ne ispunjava uslove za prijem u \u010dlanstvo, Upravni odbor Saveza \u0107e na to ukazati i ostaviti rok od 60 dana radi otklanjanja nedostataka.<br \/>U slu\u010daju odbijanja zahtjeva za prijem u \u010dlanstvo, podnosilac zahtjeva mo\u017ee podnijeti \u017ealbu Arbitra\u017enom sudu, \u010dija je odluka kona\u010dna.<\/p><p>U slu\u010daju da je prihva\u0107en zahtjev za prijem u \u010dlanstvo, podnosilac zahtjeva je du\u017ean da uplati Savezu godi\u0161nju \u010dlanarinu, u roku od 15 dana od dana prijema obavje\u0161tenja o prijemu u \u010dlanstvo, a u suprotnom se smatra da je odustao od \u010dlanstva u Savez. Prava \u010dlana Saveza se po\u010dinju ostvarivati od dana uplate \u010dlanarine. Visinu \u010dlanarine odre\u0111uje Upravni odbor Saveza.<\/p><p>Savez je du\u017ean da u roku od osam dana od dana u\u010dlanjenja sportskog kluba u Savez obavijesti o tome Ministarstvo.<\/p><p>Sportski klub koji se naknadno u\u010dlani u Savez ima ista prava i obaveze kao i osniva\u010di Saveza, osim prava glasa u skup\u0161tini, koje sti\u010de nakon proteka \u0161est mjeseci od dana u\u010dlanjenja.<\/p><p>\u010clanovi Saveza mogu biti i udru\u017eenja lica koja obavljaju stru\u010dne poslove u istoj vrsti sporta, u skladu sa Statutom Saveza.<\/p><p><span style=\"font-style: inherit; font-weight: inherit;\">\u010clanstvo u Savezu se vodi u posebnom registru.<\/span><\/p><p>&#8211; Visina godi\u0161nje \u010dlanarine za klubove: 50,00 EUR<\/p><p>&#8211; Visina godi\u0161nje \u010dlanarine za takmi\u010dare: 20,00 EUR<\/p><p><a href=\"https:\/\/bfscg.me\/wp-content\/uploads\/2024\/06\/PRISTUPNICA-ZA-KLUBOVE-2024.pdf\">PRISTUPNICA ZA KLUBOVE 2024<\/a><\/p><p><a href=\"https:\/\/bfscg.me\/wp-content\/uploads\/2024\/06\/ZAHTJEV-ZA-UCLANJENJE-KLUBA-U-BFSCG-ver-2024.pdf\">ZAHTJEV ZA U\u010cLANJENJE KLUBA U BFSCG ver 2024<\/a><\/p><p>\u00a0<\/p>\t\t\t\t\t\t\t\t<\/div>\n\t\t\t\t<\/div>\n\t\t\t\t\t<\/div>\n\t\t<\/div>\n\t\t\t\t\t<\/div>\n\t\t<\/section>\n\t\t\t\t<\/div>\n\t\t","protected":false},"excerpt":{"rendered":"<p>U\u010dlanjenje u Savez se vr\u0161i na osnovu zahtjeva i propisanih formulara koji se prila\u017eu uz pristupnicu &#8211; izjavu \u010dlana koji ispunjava uslove iz Zakona i ovog Statuta, o \u010demu odluku donosi Upravni odbor. Zahtjev za prijem u \u010dlanstvo mo\u017ee se odbiti samo ukoliko podnosilac zahtjeva ne ispunjava uslove iz \u010dlana 8. st. 5.\u00a0 Statuta BFSCG [&hellip;]<\/p>\n","protected":false},"author":2,"featured_media":0,"parent":0,"menu_order":0,"comment_status":"closed","ping_status":"closed","template":"","meta":{"site-sidebar-layout":"no-sidebar","site-content-layout":"page-builder","ast-site-content-layout":"default","site-content-style":"default","site-sidebar-style":"default","ast-global-header-display":"","ast-banner-title-visibility":"","ast-main-header-display":"","ast-hfb-above-header-display":"","ast-hfb-below-header-display":"","ast-hfb-mobile-header-display":"","site-post-title":"disabled","ast-breadcrumbs-content":"","ast-featured-img":"disabled","footer-sml-layout":"","ast-disable-related-posts":"","theme-transparent-header-meta":"default","adv-header-id-meta":"","stick-header-meta":"","header-above-stick-meta":"","header-main-stick-meta":"","header-below-stick-meta":"","astra-migrate-meta-layouts":"default","ast-page-background-enabled":"default","ast-page-background-meta":{"desktop":{"background-color":"","background-image":"","background-repeat":"repeat","background-position":"center center","background-size":"auto","background-attachment":"scroll","background-type":"","background-media":"","overlay-type":"","overlay-color":"","overlay-opacity":"","overlay-gradient":""},"tablet":{"background-color":"","background-image":"","background-repeat":"repeat","background-position":"center center","background-size":"auto","background-attachment":"scroll","background-type":"","background-media":"","overlay-type":"","overlay-color":"","overlay-opacity":"","overlay-gradient":""},"mobile":{"background-color":"","background-image":"","background-repeat":"repeat","background-position":"center center","background-size":"auto","background-attachment":"scroll","background-type":"","background-media":"","overlay-type":"","overlay-color":"","overlay-opacity":"","overlay-gradient":""}},"ast-content-background-meta":{"desktop":{"background-color":"var(--ast-global-color-5)","background-image":"","background-repeat":"repeat","background-position":"center center","background-size":"auto","background-attachment":"scroll","background-type":"","background-media":"","overlay-type":"","overlay-color":"","overlay-opacity":"","overlay-gradient":""},"tablet":{"background-color":"var(--ast-global-color-5)","background-image":"","background-repeat":"repeat","background-position":"center center","background-size":"auto","background-attachment":"scroll","background-type":"","background-media":"","overlay-type":"","overlay-color":"","overlay-opacity":"","overlay-gradient":""},"mobile":{"background-color":"var(--ast-global-color-5)","background-image":"","background-repeat":"repeat","background-position":"center center","background-size":"auto","background-attachment":"scroll","background-type":"","background-media":"","overlay-type":"","overlay-color":"","overlay-opacity":"","overlay-gradient":""}},"footnotes":""},"class_list":["post-509","page","type-page","status-publish","hentry"],"_links":{"self":[{"href":"https:\/\/bfscg.me\/index.php?rest_route=\/wp\/v2\/pages\/509","targetHints":{"allow":["GET"]}}],"collection":[{"href":"https:\/\/bfscg.me\/index.php?rest_route=\/wp\/v2\/pages"}],"about":[{"href":"https:\/\/bfscg.me\/index.php?rest_route=\/wp\/v2\/types\/page"}],"author":[{"embeddable":true,"href":"https:\/\/bfscg.me\/index.php?rest_route=\/wp\/v2\/users\/2"}],"replies":[{"embeddable":true,"href":"https:\/\/bfscg.me\/index.php?rest_route=%2Fwp%2Fv2%2Fcomments&post=509"}],"version-history":[{"count":5,"href":"https:\/\/bfscg.me\/index.php?rest_route=\/wp\/v2\/pages\/509\/revisions"}],"predecessor-version":[{"id":1592,"href":"https:\/\/bfscg.me\/index.php?rest_route=\/wp\/v2\/pages\/509\/revisions\/1592"}],"wp:attachment":[{"href":"https:\/\/bfscg.me\/index.php?rest_route=%2Fwp%2Fv2%2Fmedia&parent=509"}],"curies":[{"name":"wp","href":"https:\/\/api.w.org\/{rel}","templated":true}]}}