{"id":517,"date":"2021-05-02T12:51:15","date_gmt":"2021-05-02T10:51:15","guid":{"rendered":"https:\/\/bfscg.me\/?page_id=517"},"modified":"2024-03-17T22:21:18","modified_gmt":"2024-03-17T20:21:18","slug":"izvjestaji","status":"publish","type":"page","link":"https:\/\/bfscg.me\/?page_id=517","title":{"rendered":"Izvje\u0161taji"},"content":{"rendered":"\t\t<div data-elementor-type=\"wp-page\" data-elementor-id=\"517\" class=\"elementor elementor-517\">\n\t\t\t\t\t\t<section class=\"elementor-section elementor-top-section elementor-element elementor-element-027c6ed elementor-section-boxed elementor-section-height-default elementor-section-height-default\" data-id=\"027c6ed\" data-element_type=\"section\" data-e-type=\"section\">\n\t\t\t\t\t\t<div class=\"elementor-container elementor-column-gap-default\">\n\t\t\t\t\t<div class=\"elementor-column elementor-col-100 elementor-top-column elementor-element elementor-element-77d00fe\" data-id=\"77d00fe\" data-element_type=\"column\" data-e-type=\"column\">\n\t\t\t<div class=\"elementor-widget-wrap elementor-element-populated\">\n\t\t\t\t\t\t<div class=\"elementor-element elementor-element-a49bf5a elementor-widget elementor-widget-text-editor\" data-id=\"a49bf5a\" data-element_type=\"widget\" data-e-type=\"widget\" data-widget_type=\"text-editor.default\">\n\t\t\t\t<div class=\"elementor-widget-container\">\n\t\t\t\t\t\t\t\t\t<ul><li><a href=\"https:\/\/bfscg.me\/wp-content\/uploads\/2024\/03\/Godisnji-finansijski-izvjestaj-BFSCG-za-2023.pdf\">Godi\u0161nji finansijski izvje\u0161taj BFSCG za 2023<\/a><\/li><li><a href=\"https:\/\/bfscg.me\/wp-content\/uploads\/2024\/03\/Godisnji-finansijski-izvjestaj-BFSCG-za-2022.pdf\">Godi\u0161nji finansijski izvje\u0161taj BFSCG za 2022<\/a><\/li><li><a href=\"https:\/\/bfscg.me\/wp-content\/uploads\/2022\/01\/Godisnji-izvjestaj-za-2021-BFSCG-1.pdf\">Godi\u0161nji finansijski izvje\u0161taj za 2021.<\/a><\/li><li><a href=\"https:\/\/bfscg.me\/wp-content\/uploads\/2022\/01\/Periodicni-formular-BFSCG-2021-II-dio.pdf\">Polugodisnji finansijski izvjestaj (II) 2021.<\/a><\/li><li><a href=\"https:\/\/bfscg.me\/wp-content\/uploads\/2022\/01\/Periodicni-formular-BFSCG-2021.pdf\">Polugodisnji finansijski izvjestaj (I) 2021.<\/a><\/li><li><a href=\"https:\/\/bfscg.me\/wp-content\/uploads\/2022\/01\/Godisnji-formular-2020-BFSCG.pdf\">Godi\u0161nji finansijski izvjestaj 2020.<\/a><\/li><li><a href=\"https:\/\/bfscg.me\/wp-content\/uploads\/2022\/01\/Periodicni-formular-BFSCG-2021-II-dio.pdf\">Polugodisnji finansijski izvjestaj (II) 2020.<\/a><\/li><li><a href=\"https:\/\/bfscg.me\/wp-content\/uploads\/2022\/01\/Periodicni-formular-BFSCG-2020.pdf\">Polugodisnji finansijski izvjestaj (I) 2020.<\/a><\/li><li><a href=\"https:\/\/bfscg.me\/wp-content\/uploads\/2022\/01\/Godisnji-formular-2020-BFSCG.pdf\">Godi\u0161nji finansijski izvjestaj 2019.<\/a><\/li><li><a href=\"https:\/\/bfscg.me\/wp-content\/uploads\/2022\/01\/Periodicni-formular-BFSCG-2021-II-dio.pdf\">Polugodisnji finansijski izvjestaj (II)<\/a><a href=\"https:\/\/bfscg.me\/wp-content\/uploads\/2022\/01\/Periodicni-formular-2-BFSCG-2019..pdf\"> 2019.<\/a><\/li><li><a href=\"https:\/\/bfscg.me\/wp-content\/uploads\/2022\/01\/Periodicni-formular-1-BFSCG-2019..pdf\">Polugodisnji finansijski izvjestaj (I) 2019.<\/a><\/li><\/ul>\t\t\t\t\t\t\t\t<\/div>\n\t\t\t\t<\/div>\n\t\t\t\t\t<\/div>\n\t\t<\/div>\n\t\t\t\t\t<\/div>\n\t\t<\/section>\n\t\t\t\t<\/div>\n\t\t","protected":false},"excerpt":{"rendered":"<p>Godi\u0161nji finansijski izvje\u0161taj BFSCG za 2023 Godi\u0161nji finansijski izvje\u0161taj BFSCG za 2022 Godi\u0161nji finansijski izvje\u0161taj za 2021. Polugodisnji finansijski izvjestaj (II) 2021. Polugodisnji finansijski izvjestaj (I) 2021. Godi\u0161nji finansijski izvjestaj 2020. Polugodisnji finansijski izvjestaj (II) 2020. Polugodisnji finansijski izvjestaj (I) 2020. Godi\u0161nji finansijski izvjestaj 2019. Polugodisnji finansijski izvjestaj (II) 2019. Polugodisnji finansijski izvjestaj (I) 2019.<\/p>\n","protected":false},"author":2,"featured_media":0,"parent":0,"menu_order":0,"comment_status":"closed","ping_status":"closed","template":"","meta":{"site-sidebar-layout":"no-sidebar","site-content-layout":"page-builder","ast-site-content-layout":"default","site-content-style":"default","site-sidebar-style":"default","ast-global-header-display":"","ast-banner-title-visibility":"","ast-main-header-display":"","ast-hfb-above-header-display":"","ast-hfb-below-header-display":"","ast-hfb-mobile-header-display":"","site-post-title":"disabled","ast-breadcrumbs-content":"","ast-featured-img":"disabled","footer-sml-layout":"","ast-disable-related-posts":"","theme-transparent-header-meta":"default","adv-header-id-meta":"","stick-header-meta":"","header-above-stick-meta":"","header-main-stick-meta":"","header-below-stick-meta":"","astra-migrate-meta-layouts":"default","ast-page-background-enabled":"default","ast-page-background-meta":{"desktop":{"background-color":"","background-image":"","background-repeat":"repeat","background-position":"center center","background-size":"auto","background-attachment":"scroll","background-type":"","background-media":"","overlay-type":"","overlay-color":"","overlay-opacity":"","overlay-gradient":""},"tablet":{"background-color":"","background-image":"","background-repeat":"repeat","background-position":"center center","background-size":"auto","background-attachment":"scroll","background-type":"","background-media":"","overlay-type":"","overlay-color":"","overlay-opacity":"","overlay-gradient":""},"mobile":{"background-color":"","background-image":"","background-repeat":"repeat","background-position":"center center","background-size":"auto","background-attachment":"scroll","background-type":"","background-media":"","overlay-type":"","overlay-color":"","overlay-opacity":"","overlay-gradient":""}},"ast-content-background-meta":{"desktop":{"background-color":"var(--ast-global-color-5)","background-image":"","background-repeat":"repeat","background-position":"center center","background-size":"auto","background-attachment":"scroll","background-type":"","background-media":"","overlay-type":"","overlay-color":"","overlay-opacity":"","overlay-gradient":""},"tablet":{"background-color":"var(--ast-global-color-5)","background-image":"","background-repeat":"repeat","background-position":"center center","background-size":"auto","background-attachment":"scroll","background-type":"","background-media":"","overlay-type":"","overlay-color":"","overlay-opacity":"","overlay-gradient":""},"mobile":{"background-color":"var(--ast-global-color-5)","background-image":"","background-repeat":"repeat","background-position":"center center","background-size":"auto","background-attachment":"scroll","background-type":"","background-media":"","overlay-type":"","overlay-color":"","overlay-opacity":"","overlay-gradient":""}},"footnotes":""},"class_list":["post-517","page","type-page","status-publish","hentry"],"_links":{"self":[{"href":"https:\/\/bfscg.me\/index.php?rest_route=\/wp\/v2\/pages\/517","targetHints":{"allow":["GET"]}}],"collection":[{"href":"https:\/\/bfscg.me\/index.php?rest_route=\/wp\/v2\/pages"}],"about":[{"href":"https:\/\/bfscg.me\/index.php?rest_route=\/wp\/v2\/types\/page"}],"author":[{"embeddable":true,"href":"https:\/\/bfscg.me\/index.php?rest_route=\/wp\/v2\/users\/2"}],"replies":[{"embeddable":true,"href":"https:\/\/bfscg.me\/index.php?rest_route=%2Fwp%2Fv2%2Fcomments&post=517"}],"version-history":[{"count":5,"href":"https:\/\/bfscg.me\/index.php?rest_route=\/wp\/v2\/pages\/517\/revisions"}],"predecessor-version":[{"id":1521,"href":"https:\/\/bfscg.me\/index.php?rest_route=\/wp\/v2\/pages\/517\/revisions\/1521"}],"wp:attachment":[{"href":"https:\/\/bfscg.me\/index.php?rest_route=%2Fwp%2Fv2%2Fmedia&parent=517"}],"curies":[{"name":"wp","href":"https:\/\/api.w.org\/{rel}","templated":true}]}}