{"id":519,"date":"2021-05-02T12:51:34","date_gmt":"2021-05-02T10:51:34","guid":{"rendered":"https:\/\/bfscg.me\/?page_id=519"},"modified":"2024-03-01T14:38:21","modified_gmt":"2024-03-01T12:38:21","slug":"kalendar-takmicenja","status":"publish","type":"page","link":"https:\/\/bfscg.me\/?page_id=519","title":{"rendered":"Kalendar takmi\u010denja"},"content":{"rendered":"\t\t<div data-elementor-type=\"wp-page\" data-elementor-id=\"519\" class=\"elementor elementor-519\">\n\t\t\t\t\t\t<section class=\"elementor-section elementor-top-section elementor-element elementor-element-027c6ed elementor-section-boxed elementor-section-height-default elementor-section-height-default\" data-id=\"027c6ed\" data-element_type=\"section\" data-e-type=\"section\">\n\t\t\t\t\t\t<div class=\"elementor-container elementor-column-gap-default\">\n\t\t\t\t\t<div class=\"elementor-column elementor-col-100 elementor-top-column elementor-element elementor-element-77d00fe\" data-id=\"77d00fe\" data-element_type=\"column\" data-e-type=\"column\">\n\t\t\t<div class=\"elementor-widget-wrap elementor-element-populated\">\n\t\t\t\t\t\t<div class=\"elementor-element elementor-element-a49bf5a elementor-widget elementor-widget-text-editor\" data-id=\"a49bf5a\" data-element_type=\"widget\" data-e-type=\"widget\" data-widget_type=\"text-editor.default\">\n\t\t\t\t<div class=\"elementor-widget-container\">\n\t\t\t\t\t\t\t\t\t<p><a href=\"https:\/\/bfscg.me\/wp-content\/uploads\/2024\/03\/kalendar-takmicenja-2024.pdf\">KALENDAR TAKMI\u010cENJA BFCFSCG ZA 2024.<\/a><\/p><p><a href=\"https:\/\/bfscg.me\/wp-content\/uploads\/2023\/01\/Kalendar-takmicenja-2023.pdf\">KALENDAR TAKMI\u010cENJA ZA 2023. GODINU<\/a><\/p><p><span style=\"text-decoration: underline;\"><strong>KALENDAR BODYBUILDING &amp; FITNESS TAKMI\u010cENJA ZA 2022. GODINU<\/strong><\/span><\/p><p>02.04. PRVENSTVO CRNE GORE U BODYBUILDING-U I FITNESS-U(Podgorica)<br \/>08.04.-10.04. IFBB BALKAN CHAMPIONSHIPS (Knja\u017eevac\u2013Srbija)<br \/>04.05.-09.05. IFBB EUROPEAN CHAMPIONSHIPS (Santa Susanna\u2013\u0160panija)<br \/>17.06.-19.06. IFBB FIFTH BALKAN CUP (Knja\u017eevac\u2013Srbija)<br \/>21.10.-23-10. IFBB DIAMOND CUP SERBIA (Srbija)<br \/>03.11.-07.11. IFBB WORLD BODYBUILDING AND FITNESS CHAMPIONSHIPS AND CONGRESS<br \/>12.11.-13.11. IFBB MEDITERRANEAN CHAMPIONSHIPS (Malta)<br \/>18.11.-20.11. IFBB WORLD JUNIOR &amp; MASTERS BODYBUILDING, FITNESS AND FITNESS CHALLENGE CHAMPIONSHIPS (Gr\u010dka)<\/p>\t\t\t\t\t\t\t\t<\/div>\n\t\t\t\t<\/div>\n\t\t\t\t\t<\/div>\n\t\t<\/div>\n\t\t\t\t\t<\/div>\n\t\t<\/section>\n\t\t\t\t<\/div>\n\t\t","protected":false},"excerpt":{"rendered":"<p>KALENDAR TAKMI\u010cENJA BFCFSCG ZA 2024. KALENDAR TAKMI\u010cENJA ZA 2023. GODINU KALENDAR BODYBUILDING &amp; FITNESS TAKMI\u010cENJA ZA 2022. GODINU 02.04. PRVENSTVO CRNE GORE U BODYBUILDING-U I FITNESS-U(Podgorica)08.04.-10.04. IFBB BALKAN CHAMPIONSHIPS (Knja\u017eevac\u2013Srbija)04.05.-09.05. IFBB EUROPEAN CHAMPIONSHIPS (Santa Susanna\u2013\u0160panija)17.06.-19.06. IFBB FIFTH BALKAN CUP (Knja\u017eevac\u2013Srbija)21.10.-23-10. IFBB DIAMOND CUP SERBIA (Srbija)03.11.-07.11. IFBB WORLD BODYBUILDING AND FITNESS CHAMPIONSHIPS AND CONGRESS12.11.-13.11. IFBB MEDITERRANEAN [&hellip;]<\/p>\n","protected":false},"author":2,"featured_media":0,"parent":0,"menu_order":0,"comment_status":"closed","ping_status":"closed","template":"","meta":{"site-sidebar-layout":"no-sidebar","site-content-layout":"page-builder","ast-site-content-layout":"default","site-content-style":"default","site-sidebar-style":"default","ast-global-header-display":"","ast-banner-title-visibility":"","ast-main-header-display":"","ast-hfb-above-header-display":"","ast-hfb-below-header-display":"","ast-hfb-mobile-header-display":"","site-post-title":"disabled","ast-breadcrumbs-content":"","ast-featured-img":"disabled","footer-sml-layout":"","ast-disable-related-posts":"","theme-transparent-header-meta":"default","adv-header-id-meta":"","stick-header-meta":"","header-above-stick-meta":"","header-main-stick-meta":"","header-below-stick-meta":"","astra-migrate-meta-layouts":"default","ast-page-background-enabled":"default","ast-page-background-meta":{"desktop":{"background-color":"","background-image":"","background-repeat":"repeat","background-position":"center center","background-size":"auto","background-attachment":"scroll","background-type":"","background-media":"","overlay-type":"","overlay-color":"","overlay-opacity":"","overlay-gradient":""},"tablet":{"background-color":"","background-image":"","background-repeat":"repeat","background-position":"center center","background-size":"auto","background-attachment":"scroll","background-type":"","background-media":"","overlay-type":"","overlay-color":"","overlay-opacity":"","overlay-gradient":""},"mobile":{"background-color":"","background-image":"","background-repeat":"repeat","background-position":"center center","background-size":"auto","background-attachment":"scroll","background-type":"","background-media":"","overlay-type":"","overlay-color":"","overlay-opacity":"","overlay-gradient":""}},"ast-content-background-meta":{"desktop":{"background-color":"var(--ast-global-color-5)","background-image":"","background-repeat":"repeat","background-position":"center center","background-size":"auto","background-attachment":"scroll","background-type":"","background-media":"","overlay-type":"","overlay-color":"","overlay-opacity":"","overlay-gradient":""},"tablet":{"background-color":"var(--ast-global-color-5)","background-image":"","background-repeat":"repeat","background-position":"center center","background-size":"auto","background-attachment":"scroll","background-type":"","background-media":"","overlay-type":"","overlay-color":"","overlay-opacity":"","overlay-gradient":""},"mobile":{"background-color":"var(--ast-global-color-5)","background-image":"","background-repeat":"repeat","background-position":"center center","background-size":"auto","background-attachment":"scroll","background-type":"","background-media":"","overlay-type":"","overlay-color":"","overlay-opacity":"","overlay-gradient":""}},"footnotes":""},"class_list":["post-519","page","type-page","status-publish","hentry"],"_links":{"self":[{"href":"https:\/\/bfscg.me\/index.php?rest_route=\/wp\/v2\/pages\/519","targetHints":{"allow":["GET"]}}],"collection":[{"href":"https:\/\/bfscg.me\/index.php?rest_route=\/wp\/v2\/pages"}],"about":[{"href":"https:\/\/bfscg.me\/index.php?rest_route=\/wp\/v2\/types\/page"}],"author":[{"embeddable":true,"href":"https:\/\/bfscg.me\/index.php?rest_route=\/wp\/v2\/users\/2"}],"replies":[{"embeddable":true,"href":"https:\/\/bfscg.me\/index.php?rest_route=%2Fwp%2Fv2%2Fcomments&post=519"}],"version-history":[{"count":5,"href":"https:\/\/bfscg.me\/index.php?rest_route=\/wp\/v2\/pages\/519\/revisions"}],"predecessor-version":[{"id":1413,"href":"https:\/\/bfscg.me\/index.php?rest_route=\/wp\/v2\/pages\/519\/revisions\/1413"}],"wp:attachment":[{"href":"https:\/\/bfscg.me\/index.php?rest_route=%2Fwp%2Fv2%2Fmedia&parent=519"}],"curies":[{"name":"wp","href":"https:\/\/api.w.org\/{rel}","templated":true}]}}