{"id":521,"date":"2021-05-02T12:51:49","date_gmt":"2021-05-02T10:51:49","guid":{"rendered":"https:\/\/bfscg.me\/?page_id=521"},"modified":"2025-12-10T20:30:48","modified_gmt":"2025-12-10T18:30:48","slug":"ostvareni-rezultati","status":"publish","type":"page","link":"https:\/\/bfscg.me\/?page_id=521","title":{"rendered":"Ostvareni rezultati"},"content":{"rendered":"\t\t<div data-elementor-type=\"wp-page\" data-elementor-id=\"521\" class=\"elementor elementor-521\">\n\t\t\t\t\t\t<section class=\"elementor-section elementor-top-section elementor-element elementor-element-027c6ed elementor-section-boxed elementor-section-height-default elementor-section-height-default\" data-id=\"027c6ed\" data-element_type=\"section\" data-e-type=\"section\">\n\t\t\t\t\t\t<div class=\"elementor-container elementor-column-gap-default\">\n\t\t\t\t\t<div class=\"elementor-column elementor-col-100 elementor-top-column elementor-element elementor-element-77d00fe\" data-id=\"77d00fe\" data-element_type=\"column\" data-e-type=\"column\">\n\t\t\t<div class=\"elementor-widget-wrap elementor-element-populated\">\n\t\t\t\t\t\t<div class=\"elementor-element elementor-element-a49bf5a elementor-widget elementor-widget-text-editor\" data-id=\"a49bf5a\" data-element_type=\"widget\" data-e-type=\"widget\" data-widget_type=\"text-editor.default\">\n\t\t\t\t<div class=\"elementor-widget-container\">\n\t\t\t\t\t\t\t\t\t<h3>OSTVARENI SPORTSKI REZULTATI REPREZENTATIVACA CRNE GORE BODYBUILDING, FITNESS &amp; FITNESS CHALLENGE \u2013 TAKMI\u010cENJA OD ZNA\u010cAJA (DR\u017dAVNO, BALKANSKO, EVROPSKO I SVJETSKO PRVENSTVO)<\/h3><ul><li><a href=\"https:\/\/bfscg.me\/?p=1688\">OSTVARENI SPORTSKI REZULTATI REPREZENTATIVACA CRNE GORE BODYBUILDING, FITNESS &amp; FITNESS CHALLENGE \u2013 TAKMI\u010cENJA OD ZNA\u010cAJA (DR\u017dAVNO, BALKANSKO, EVROPSKO I SVJETSKO PRVENSTVO)<\/a><\/li><\/ul><h3>2025 nacionalno prvenstvo u bodibildingu , fitnesu i kros-fitu 2025<\/h3><p><a href=\"https:\/\/bfscg.me\/wp-content\/uploads\/2025\/10\/OFICIJALNI-REZULTATI-NACIONALNO-2025.docx\">2025-NACIONALNO-PRVENSTVO-REZULTATI<\/a><\/p><h3><a href=\"https:\/\/bfscg.me\/wp-content\/uploads\/2025\/08\/2025-IFBB-Europe-Championships-Results.pdf\">2025-IFBB-Europe-Championships-Results<\/a> <a href=\"https:\/\/bfscg.me\/wp-content\/uploads\/2025\/08\/European-Championships-2025.pdf\">European-Championships-2025<\/a><\/h3><h3>2025 IFBB BALKAN CHAMPIONSHIPS April 25th \u2013 28th, 2025, NIKSIC &#8211; MONTENEGRO<\/h3><p><a href=\"https:\/\/bfscg.me\/wp-content\/uploads\/2025\/08\/BALKAN-RESULTS-2025.pdf\">BALKAN-RESULTS-2025<\/a><\/p><p><a href=\"https:\/\/bfscg.me\/wp-content\/uploads\/2025\/08\/BALKAN-FITNESS-CHALLENGE-RESULTS-2025.pdf\">BALKAN-FITNESS-CHALLENGE-RESULTS-2025<\/a><\/p><h3>IFBB ARNOLD CLASSIC EUROPE, 10.10.-13.10.2024, Las Rozas, Madrid, Spanija<\/h3><p><a href=\"https:\/\/bfscg.me\/wp-content\/uploads\/2024\/11\/ARNOLD-AMATEUR-RESULTS-2024.pdf\">ARNOLD-AMATEUR-RESULTS-2024<\/a><\/p><h3>IFBB World Bodybuilding Championships &amp; Men&#8217;s Fitness<br \/>World Cup, 24-27.09.2024, Kish Island, Iran<\/h3><p><a href=\"https:\/\/bfscg.me\/wp-content\/uploads\/2024\/11\/2024-IFBB-World-Mens-Championships-Kish-Iran-Results.pdf\">2024-IFBB-World-Mens-Championships-Kish-Iran-Results<\/a><\/p><h3>2024 IFBB EUROPEAN CHAMPIONSHIPS, Santa Suzana &#8211; \u0160panija, 1-6 maj<\/h3><p><a href=\"https:\/\/bfscg.me\/wp-content\/uploads\/2024\/05\/2024-EBFF-Championships-Results.pdf\">2024-EBFF-Championships-Results<\/a><\/p><h3>2024 IFBB BALKAN CHAMPIONSHIP, Temi\u0161var &#8211; Rumunija, 26-28 april<\/h3><p><a href=\"https:\/\/bfscg.me\/wp-content\/uploads\/2024\/05\/RESULTS-BALKAN-CHAMPIONSHIP-TIMISOARA-2024.pdf\">RESULTS-BALKAN-CHAMPIONSHIP-TIMISOARA-2024<\/a><\/p><h3>2024 IFBB DIAMOND CUP SERBIA &amp; MEN&#8217;S PHYSIQUE EUROPEAN CUP, \u010ca\u010dak &#8211; Srbija, 19-21 april<\/h3><p><a href=\"https:\/\/bfscg.me\/wp-content\/uploads\/2024\/05\/Results_20_Apr_2024_DC_Cacak.pdf\">Results_20_Apr_2024_DC_Cacak<\/a> <a href=\"https:\/\/bfscg.me\/wp-content\/uploads\/2024\/05\/Results_20_Apr_2024_Men_Phys_European_Cup.pdf\">Results_20_Apr_2024_Men_Phys_European_Cup<\/a><\/p><h3>\u00a0<\/h3><h3>2023 IFBB World Bodybuilding Championships, 31 Oct-6 Nov. 2023, Santa Susanna, Spain<\/h3><p><a href=\"https:\/\/bfscg.me\/wp-content\/uploads\/2023\/11\/2023-IFBB-World-Championships-Result.pdf\">2023-IFBB-World-Championships-Result<\/a><\/p><h3>2023 Nacionalno prvenstvo u bodibildingu i fitnesu, 15. oktobar, Podgorica<\/h3><p><a href=\"https:\/\/bfscg.me\/wp-content\/uploads\/2024\/03\/OFICIJALNI-REZULTATI-NACIONALNO-2023.pdf\">OFICIJALNI REZULTATI NACIONALNO 2023<\/a><\/p><h3>2023 IFBB Mr. Universe Montenegro, 15-17 septembar, Tivat<\/h3><p><a href=\"https:\/\/bfscg.me\/wp-content\/uploads\/2023\/10\/Results-Mr.-Universe-Montenegro.pdf-1.pdf\">Results-Mr.-Universe-Montenegro.pdf-1<\/a><\/p><h3>2023 MONTENEGRO OPEN CUP, 03. jun, Podgorica<\/h3><p><a href=\"https:\/\/bfscg.me\/wp-content\/uploads\/2024\/03\/OFICIJALNI-REZULTATI-Montenegro-open-2023.pdf\">OFICIJALNI REZULTATI Montenegro open cup 2023<\/a><\/p><h3>2023 IFBB European Bodybuilding Championships, May 4-7, 2023, Santa Susanna, Spain<\/h3><p><a href=\"https:\/\/bfscg.me\/wp-content\/uploads\/2023\/05\/2023-IFBB-European-Bodybuilding-Championships.pdf\">2023-IFBB-European-Bodybuilding-Championships<\/a><\/p><h3>Balkan Championship 2023, 21.04-23.04.2023, NORTH MACEDONIA<\/h3><p><a href=\"https:\/\/bfscg.me\/wp-content\/uploads\/2023\/05\/Official-result-for-Balkan-Championship-2023.pdf\">Official-result-for-Balkan-Championship-2023<\/a><\/p><h3>2023 IFBB European Cup Albania, 15-16 April 2023, Tirana, Albanija<\/h3><p><a href=\"https:\/\/bfscg.me\/wp-content\/uploads\/2023\/04\/2023-IFBB-EuropeanCup-Albania-Results-1.pdf\">2023-IFBB-EuropeanCup-Albania-Results-1<\/a><\/p><h3>2023 IFBB Diamond Cup Serbia, 31.03.- 02.04.2023, \u010ca\u010dak<\/h3><p><a href=\"https:\/\/bfscg.me\/wp-content\/uploads\/2023\/04\/Official-Results_IFBB-Diamond-Cup-Serbia.pdf\">Official-Results_IFBB-Diamond-Cup-Serbia<\/a><\/p><h4>\u00a0<\/h4><h3>2022 IFBB World Men&#8217;s Championships &amp; Women&#8217;s World<br \/>Cup 2-7.11.2022, Santa Susanna, Spain<\/h3><p><a href=\"https:\/\/bfscg.me\/wp-content\/uploads\/2022\/11\/2022-IFBB-World-Cup-Fitness-SantaSusanna-Results.pdf\">2022-IFBB-World-Cup-Fitness-SantaSusanna-Results<\/a><\/p><p><a href=\"https:\/\/bfscg.me\/wp-content\/uploads\/2022\/11\/2022-IFBB-World-BB-SantaSusanna-Results.pdf\">2022-IFBB-World-BB-SantaSusanna-Results<\/a><\/p><h3>2022 IFBB Diamond Cup Serbia, 21-22 oktobar, \u010ca\u010dak<\/h3><p><a href=\"https:\/\/bfscg.me\/wp-content\/uploads\/2022\/11\/2022_DC_Serbia_Results_cut-1.pdf\">2022_DC_Serbia_Results_cut<\/a><\/p><h3>2022 MONTENEGRO OPEN, 25 SEPTEMBAR, BAR<\/h3><h4><a href=\"https:\/\/bfscg.me\/wp-content\/uploads\/2022\/10\/MONTENEGRO-OPEN-2022-RESULTS.pdf\">MONTENEGRO OPEN 2022 RESULTS<\/a><\/h4><h3>2022 EBFF European Bodybuilding Championships, 5-9 Maj 2022, Santa Susanna, \u0160panija<\/h3><p><a href=\"https:\/\/bfscg.me\/wp-content\/uploads\/2022\/05\/2022-EBFF-Championships-Results.pdf\">2022-EBFF-Championships-Results<\/a><\/p><p><a href=\"https:\/\/bfscg.me\/wp-content\/uploads\/2022\/05\/Rezultati-sa-medjunarodnih-takmicenja-Evropsko-prvenstvo-2022-1.pdf\">Rezultati sa me\u0111unarodnih takmi\u010denja &#8211; Evropsko prvenstvo 2022<\/a><\/p><p><a href=\"https:\/\/bfscg.me\/?p=1085\">https:\/\/bfscg.me\/?p=1085<\/a><\/p><h3>2022 IFBB Herkules GP, April 15-16 2022., Skoplje, Sjeverna Makedonija<\/h3><p><a href=\"https:\/\/bfscg.me\/wp-content\/uploads\/2022\/05\/2022_Macedonia_Herkules_GP-Results-1.pdf\">2022_Macedonia_Herkules_GP-Results-1<\/a><\/p><p><a href=\"https:\/\/bfscg.me\/wp-content\/uploads\/2022\/05\/Rezultati-sa-medjunarodnih-takmicenja-2022-IFBB-Herkules-GP.pdf\">Rezultati sa me\u0111unarodnih takmi\u010denja &#8211; 2022 IFBB Herkules GP<\/a><\/p><h3>2022 IFBB BALKAN CHAMPIONSHIPS, APRIL 08-10 2022. KNJAZEVAC, SRBIJA<\/h3><p><a href=\"https:\/\/bfscg.me\/?p=1048\">https:\/\/bfscg.me\/?p=1048<\/a><\/p><p><a href=\"https:\/\/bfscg.me\/wp-content\/uploads\/2022\/04\/2022-IFBB-Balkan-Championships-result.pdf\">2022-IFBB-Balkan-Championships-result<\/a><\/p><p><a href=\"https:\/\/bfscg.me\/wp-content\/uploads\/2022\/05\/Rezultati-sa-medjunarodnih-takmicenja-Balkansko-prvenstvo-2022.pdf\">Rezultati sa me\u0111unarodnih takmi\u010denja &#8211; Balkansko prvenstvo 2022<\/a><\/p><h3>2022 NACIONALNO PRVENSTVO U BODYBUILDING-U I FITNESS-U, PODGORICA 02.04.2022.<\/h3><p><a href=\"https:\/\/bfscg.me\/wp-content\/uploads\/2022\/04\/OFICIJALNI-REZULTATI-NACIONALNO-APRIL-2022.pdf\">OFICIJALNI REZULTATI NACIONALNO APRIL 2022<\/a><\/p><h4>\u00a0<\/h4><h3>2021 IFBB DIAMOND CUP SERBIA, \u010cA\u010cAK 29-31 OKTOBAR<\/h3><p><a href=\"https:\/\/bfscg.me\/?p=902\">https:\/\/bfscg.me\/?p=902<\/a><\/p><p><a href=\"https:\/\/bfscg.me\/wp-content\/uploads\/2022\/03\/SERBIA-RESULTS.pdf\">IFBB DIAMOND CUP SERBIA 2021. &#8211; RESULTS<\/a><\/p><h3>2021 NACIONALNO PRVENSTVO U BODYBUILDING-U I FITNESS-U &#8211; PODGORICA 24. OKTOBAR<\/h3><div><a href=\"https:\/\/bfscg.me\/?p=839\">https:\/\/bfscg.me\/?p=839<\/a><\/div><h3>2021 ARNOLD CLASSIC EUROPE, \u00a0SEVILJA \u2013 \u0160PANIJA 17-19 SEPTEMBAR<\/h3><p><a href=\"https:\/\/bfscg.me\/?p=693\">https:\/\/bfscg.me\/?p=693\u00a0<\/a><\/p><p><a href=\"https:\/\/bfscg.me\/wp-content\/uploads\/2022\/03\/ACE-IFFB-Seville-2021-Results.pdf\">ACE-IFFB-Seville-2021-Results<\/a><\/p><h3 class=\"entry-title\">2021 IFBB BALKAN BODYBUILDING AND FITNESS CHAMPIONSHIPS, DROBETA \u2013 TURNU SEVERIN, RUMUNIJA 11-13 JUN<\/h3><p><a href=\"https:\/\/bfscg.me\/?p=658\">https:\/\/bfscg.me\/?p=658<\/a><\/p><p><a href=\"https:\/\/bfscg.me\/wp-content\/uploads\/2022\/03\/Official-Results-for-the-Balkan-Championship-2021.pdf\">Official-Results-for-the-Balkan-Championship-2021<\/a><\/p><h3 class=\"entry-title\">2021 IFBB FOURTH OPEN BALKAN CUP, JUNE 5TH 2021 \u2013 REZULTATI<\/h3><p><a href=\"https:\/\/bfscg.me\/?p=628\">https:\/\/bfscg.me\/?p=628<\/a><\/p><h3>IFBB DIAMOND CUP SERBIA 2020<\/h3><p><a href=\"https:\/\/bfscg.me\/wp-content\/uploads\/2022\/03\/diamond-cup.pdf\">diamond-cup<\/a><\/p><h3>IFBB WORLD MASTER CHAMPIONSHIPS 2019<\/h3><p><a href=\"https:\/\/bfscg.me\/wp-content\/uploads\/2022\/03\/2019-World-Master-Championships-Tarragona-Results.pdf\">2019-World-Master-Championships-Tarragona-Results<\/a>2<br \/><br \/><\/p>\t\t\t\t\t\t\t\t<\/div>\n\t\t\t\t<\/div>\n\t\t\t\t\t<\/div>\n\t\t<\/div>\n\t\t\t\t\t<\/div>\n\t\t<\/section>\n\t\t\t\t<section class=\"elementor-section elementor-top-section elementor-element elementor-element-5dcbe08 elementor-section-boxed elementor-section-height-default elementor-section-height-default\" data-id=\"5dcbe08\" data-element_type=\"section\" data-e-type=\"section\">\n\t\t\t\t\t\t<div class=\"elementor-container elementor-column-gap-default\">\n\t\t\t\t\t<div class=\"elementor-column elementor-col-100 elementor-top-column elementor-element elementor-element-1a3d44f\" data-id=\"1a3d44f\" data-element_type=\"column\" data-e-type=\"column\">\n\t\t\t<div class=\"elementor-widget-wrap\">\n\t\t\t\t\t\t\t<\/div>\n\t\t<\/div>\n\t\t\t\t\t<\/div>\n\t\t<\/section>\n\t\t\t\t<\/div>\n\t\t","protected":false},"excerpt":{"rendered":"<p>OSTVARENI SPORTSKI REZULTATI REPREZENTATIVACA CRNE GORE BODYBUILDING, FITNESS &amp; FITNESS CHALLENGE \u2013 TAKMI\u010cENJA OD ZNA\u010cAJA (DR\u017dAVNO, BALKANSKO, EVROPSKO I SVJETSKO PRVENSTVO) OSTVARENI SPORTSKI REZULTATI REPREZENTATIVACA CRNE GORE BODYBUILDING, FITNESS &amp; FITNESS CHALLENGE \u2013 TAKMI\u010cENJA OD ZNA\u010cAJA (DR\u017dAVNO, BALKANSKO, EVROPSKO I SVJETSKO PRVENSTVO) 2025 nacionalno prvenstvo u bodibildingu , fitnesu i kros-fitu 2025 2025-NACIONALNO-PRVENSTVO-REZULTATI 2025-IFBB-Europe-Championships-Results European-Championships-2025 [&hellip;]<\/p>\n","protected":false},"author":2,"featured_media":0,"parent":0,"menu_order":0,"comment_status":"closed","ping_status":"closed","template":"","meta":{"site-sidebar-layout":"no-sidebar","site-content-layout":"page-builder","ast-site-content-layout":"default","site-content-style":"default","site-sidebar-style":"default","ast-global-header-display":"","ast-banner-title-visibility":"","ast-main-header-display":"","ast-hfb-above-header-display":"","ast-hfb-below-header-display":"","ast-hfb-mobile-header-display":"","site-post-title":"disabled","ast-breadcrumbs-content":"","ast-featured-img":"disabled","footer-sml-layout":"","ast-disable-related-posts":"","theme-transparent-header-meta":"default","adv-header-id-meta":"","stick-header-meta":"","header-above-stick-meta":"","header-main-stick-meta":"","header-below-stick-meta":"","astra-migrate-meta-layouts":"default","ast-page-background-enabled":"default","ast-page-background-meta":{"desktop":{"background-color":"","background-image":"","background-repeat":"repeat","background-position":"center center","background-size":"auto","background-attachment":"scroll","background-type":"","background-media":"","overlay-type":"","overlay-color":"","overlay-opacity":"","overlay-gradient":""},"tablet":{"background-color":"","background-image":"","background-repeat":"repeat","background-position":"center center","background-size":"auto","background-attachment":"scroll","background-type":"","background-media":"","overlay-type":"","overlay-color":"","overlay-opacity":"","overlay-gradient":""},"mobile":{"background-color":"","background-image":"","background-repeat":"repeat","background-position":"center center","background-size":"auto","background-attachment":"scroll","background-type":"","background-media":"","overlay-type":"","overlay-color":"","overlay-opacity":"","overlay-gradient":""}},"ast-content-background-meta":{"desktop":{"background-color":"var(--ast-global-color-5)","background-image":"","background-repeat":"repeat","background-position":"center center","background-size":"auto","background-attachment":"scroll","background-type":"","background-media":"","overlay-type":"","overlay-color":"","overlay-opacity":"","overlay-gradient":""},"tablet":{"background-color":"var(--ast-global-color-5)","background-image":"","background-repeat":"repeat","background-position":"center center","background-size":"auto","background-attachment":"scroll","background-type":"","background-media":"","overlay-type":"","overlay-color":"","overlay-opacity":"","overlay-gradient":""},"mobile":{"background-color":"var(--ast-global-color-5)","background-image":"","background-repeat":"repeat","background-position":"center center","background-size":"auto","background-attachment":"scroll","background-type":"","background-media":"","overlay-type":"","overlay-color":"","overlay-opacity":"","overlay-gradient":""}},"footnotes":""},"class_list":["post-521","page","type-page","status-publish","hentry"],"_links":{"self":[{"href":"https:\/\/bfscg.me\/index.php?rest_route=\/wp\/v2\/pages\/521","targetHints":{"allow":["GET"]}}],"collection":[{"href":"https:\/\/bfscg.me\/index.php?rest_route=\/wp\/v2\/pages"}],"about":[{"href":"https:\/\/bfscg.me\/index.php?rest_route=\/wp\/v2\/types\/page"}],"author":[{"embeddable":true,"href":"https:\/\/bfscg.me\/index.php?rest_route=\/wp\/v2\/users\/2"}],"replies":[{"embeddable":true,"href":"https:\/\/bfscg.me\/index.php?rest_route=%2Fwp%2Fv2%2Fcomments&post=521"}],"version-history":[{"count":5,"href":"https:\/\/bfscg.me\/index.php?rest_route=\/wp\/v2\/pages\/521\/revisions"}],"predecessor-version":[{"id":1693,"href":"https:\/\/bfscg.me\/index.php?rest_route=\/wp\/v2\/pages\/521\/revisions\/1693"}],"wp:attachment":[{"href":"https:\/\/bfscg.me\/index.php?rest_route=%2Fwp%2Fv2%2Fmedia&parent=521"}],"curies":[{"name":"wp","href":"https:\/\/api.w.org\/{rel}","templated":true}]}}