{"id":523,"date":"2021-05-02T12:52:03","date_gmt":"2021-05-02T10:52:03","guid":{"rendered":"https:\/\/bfscg.me\/?page_id=523"},"modified":"2024-06-19T10:19:52","modified_gmt":"2024-06-19T08:19:52","slug":"registracija-takmicara","status":"publish","type":"page","link":"https:\/\/bfscg.me\/?page_id=523","title":{"rendered":"Registracija takmi\u010dara"},"content":{"rendered":"\t\t<div data-elementor-type=\"wp-page\" data-elementor-id=\"523\" class=\"elementor elementor-523\">\n\t\t\t\t\t\t<section class=\"elementor-section elementor-top-section elementor-element elementor-element-027c6ed elementor-section-boxed elementor-section-height-default elementor-section-height-default\" data-id=\"027c6ed\" data-element_type=\"section\" data-e-type=\"section\">\n\t\t\t\t\t\t<div class=\"elementor-container elementor-column-gap-default\">\n\t\t\t\t\t<div class=\"elementor-column elementor-col-100 elementor-top-column elementor-element elementor-element-77d00fe\" data-id=\"77d00fe\" data-element_type=\"column\" data-e-type=\"column\">\n\t\t\t<div class=\"elementor-widget-wrap elementor-element-populated\">\n\t\t\t\t\t\t<div class=\"elementor-element elementor-element-a49bf5a elementor-widget elementor-widget-text-editor\" data-id=\"a49bf5a\" data-element_type=\"widget\" data-e-type=\"widget\" data-widget_type=\"text-editor.default\">\n\t\t\t\t<div class=\"elementor-widget-container\">\n\t\t\t\t\t\t\t\t\t<p>Takmi\u010dar mora biti registrovan za bodybuilding i fitness klub sa teritorije Crne Gore svake takmi\u010darske sezone.<\/p><p>Bodybuilding i fitness klub je du\u017ean da po zavr\u0161etku prelaznog roka, a najkasnije do 31. januara, izvr\u0161i preregistraciju takmi\u010dara, koji \u0107e u\u010destvovati na takmi\u010denjima tokom takmi\u010darske sezone za koju se vr\u0161i preregistracija.<\/p><ul><li>Za takmi\u010dare kluba koji se prvi put prijavljuju za registraciju, podnosi se:<br \/>\u2013 Prijava za registraciju u dva primjerka;<br \/>\u2013 Potvrda o izvr\u0161enom ljekarskom pregledu;<br \/>\u2013 Izvod iz mati\u010dne knjige ro\u0111enih (fotokopija) ili fotokopija li\u010dne karte;<br \/>\u2013 Dvije fotografije 3\u00d74 cm (ne starija od godinu dana);<br \/>\u2013 Nov\u010dana uplata odre\u0111ena za teku\u0107u godinu (tro\u0161kovi takmi\u010darske knji\u017eice).<\/li><li>Za takmi\u010dara koji mijenja klub podnosi se:<br \/>\u2013 Molba od strane kluba za koji se vr\u0161i registarcija;<br \/>\u2013 Ranija registracija (takmi\u010darska knji\u017eica);<br \/>\u2013 Prijava za novu registraciju u dva primjerka;<br \/>\u2013 Ispisnica od kluba iz koga dolazi takmi\u010dar.<\/li><\/ul><p>Za takmi\u010dare koji ho\u0107e da promjene klub, prelazni rok je od 01.12. do 31.12 teku\u0107e godine.<\/p><p><a href=\"https:\/\/bfscg.me\/wp-content\/uploads\/2024\/06\/ZAHTJEV-ZA-REGISTRACIJU-TAKMICARA-2024.pdf\">ZAHTJEV ZA REGISTRACIJU TAKMI\u010cARA 2024<\/a><\/p><p><a href=\"https:\/\/bfscg.me\/wp-content\/uploads\/2024\/06\/PRISTUPNICA-ZA-TAKMICARE-U-SAVEZ-2024.pdf\">PRISTUPNICA ZA TAKMICARE U SAVEZ 2024<\/a><\/p><ul><li>Visina godi\u0161nje \u010dlanarine za takmi\u010dare: 20,00 EUR<\/li><\/ul>\t\t\t\t\t\t\t\t<\/div>\n\t\t\t\t<\/div>\n\t\t\t\t\t<\/div>\n\t\t<\/div>\n\t\t\t\t\t<\/div>\n\t\t<\/section>\n\t\t\t\t<\/div>\n\t\t","protected":false},"excerpt":{"rendered":"<p>Takmi\u010dar mora biti registrovan za bodybuilding i fitness klub sa teritorije Crne Gore svake takmi\u010darske sezone. Bodybuilding i fitness klub je du\u017ean da po zavr\u0161etku prelaznog roka, a najkasnije do 31. januara, izvr\u0161i preregistraciju takmi\u010dara, koji \u0107e u\u010destvovati na takmi\u010denjima tokom takmi\u010darske sezone za koju se vr\u0161i preregistracija. Za takmi\u010dare kluba koji se prvi put [&hellip;]<\/p>\n","protected":false},"author":2,"featured_media":0,"parent":0,"menu_order":0,"comment_status":"closed","ping_status":"closed","template":"","meta":{"site-sidebar-layout":"no-sidebar","site-content-layout":"page-builder","ast-site-content-layout":"default","site-content-style":"default","site-sidebar-style":"default","ast-global-header-display":"","ast-banner-title-visibility":"","ast-main-header-display":"","ast-hfb-above-header-display":"","ast-hfb-below-header-display":"","ast-hfb-mobile-header-display":"","site-post-title":"disabled","ast-breadcrumbs-content":"","ast-featured-img":"disabled","footer-sml-layout":"","ast-disable-related-posts":"","theme-transparent-header-meta":"default","adv-header-id-meta":"","stick-header-meta":"","header-above-stick-meta":"","header-main-stick-meta":"","header-below-stick-meta":"","astra-migrate-meta-layouts":"default","ast-page-background-enabled":"default","ast-page-background-meta":{"desktop":{"background-color":"","background-image":"","background-repeat":"repeat","background-position":"center center","background-size":"auto","background-attachment":"scroll","background-type":"","background-media":"","overlay-type":"","overlay-color":"","overlay-opacity":"","overlay-gradient":""},"tablet":{"background-color":"","background-image":"","background-repeat":"repeat","background-position":"center center","background-size":"auto","background-attachment":"scroll","background-type":"","background-media":"","overlay-type":"","overlay-color":"","overlay-opacity":"","overlay-gradient":""},"mobile":{"background-color":"","background-image":"","background-repeat":"repeat","background-position":"center center","background-size":"auto","background-attachment":"scroll","background-type":"","background-media":"","overlay-type":"","overlay-color":"","overlay-opacity":"","overlay-gradient":""}},"ast-content-background-meta":{"desktop":{"background-color":"var(--ast-global-color-5)","background-image":"","background-repeat":"repeat","background-position":"center center","background-size":"auto","background-attachment":"scroll","background-type":"","background-media":"","overlay-type":"","overlay-color":"","overlay-opacity":"","overlay-gradient":""},"tablet":{"background-color":"var(--ast-global-color-5)","background-image":"","background-repeat":"repeat","background-position":"center center","background-size":"auto","background-attachment":"scroll","background-type":"","background-media":"","overlay-type":"","overlay-color":"","overlay-opacity":"","overlay-gradient":""},"mobile":{"background-color":"var(--ast-global-color-5)","background-image":"","background-repeat":"repeat","background-position":"center center","background-size":"auto","background-attachment":"scroll","background-type":"","background-media":"","overlay-type":"","overlay-color":"","overlay-opacity":"","overlay-gradient":""}},"footnotes":""},"class_list":["post-523","page","type-page","status-publish","hentry"],"_links":{"self":[{"href":"https:\/\/bfscg.me\/index.php?rest_route=\/wp\/v2\/pages\/523","targetHints":{"allow":["GET"]}}],"collection":[{"href":"https:\/\/bfscg.me\/index.php?rest_route=\/wp\/v2\/pages"}],"about":[{"href":"https:\/\/bfscg.me\/index.php?rest_route=\/wp\/v2\/types\/page"}],"author":[{"embeddable":true,"href":"https:\/\/bfscg.me\/index.php?rest_route=\/wp\/v2\/users\/2"}],"replies":[{"embeddable":true,"href":"https:\/\/bfscg.me\/index.php?rest_route=%2Fwp%2Fv2%2Fcomments&post=523"}],"version-history":[{"count":5,"href":"https:\/\/bfscg.me\/index.php?rest_route=\/wp\/v2\/pages\/523\/revisions"}],"predecessor-version":[{"id":1587,"href":"https:\/\/bfscg.me\/index.php?rest_route=\/wp\/v2\/pages\/523\/revisions\/1587"}],"wp:attachment":[{"href":"https:\/\/bfscg.me\/index.php?rest_route=%2Fwp%2Fv2%2Fmedia&parent=523"}],"curies":[{"name":"wp","href":"https:\/\/api.w.org\/{rel}","templated":true}]}}