{"id":539,"date":"2021-05-02T12:57:55","date_gmt":"2021-05-02T10:57:55","guid":{"rendered":"https:\/\/bfscg.me\/?page_id=539"},"modified":"2024-03-01T15:52:28","modified_gmt":"2024-03-01T13:52:28","slug":"evidencija-licenciranih-instruktora","status":"publish","type":"page","link":"https:\/\/bfscg.me\/?page_id=539","title":{"rendered":"Evidencija licenciranih instruktora"},"content":{"rendered":"\t\t<div data-elementor-type=\"wp-page\" data-elementor-id=\"539\" class=\"elementor elementor-539\">\n\t\t\t\t\t\t<section class=\"elementor-section elementor-top-section elementor-element elementor-element-027c6ed elementor-section-boxed elementor-section-height-default elementor-section-height-default\" data-id=\"027c6ed\" data-element_type=\"section\" data-e-type=\"section\">\n\t\t\t\t\t\t<div class=\"elementor-container elementor-column-gap-default\">\n\t\t\t\t\t<div class=\"elementor-column elementor-col-100 elementor-top-column elementor-element elementor-element-77d00fe\" data-id=\"77d00fe\" data-element_type=\"column\" data-e-type=\"column\">\n\t\t\t<div class=\"elementor-widget-wrap elementor-element-populated\">\n\t\t\t\t\t\t<div class=\"elementor-element elementor-element-a49bf5a elementor-widget elementor-widget-text-editor\" data-id=\"a49bf5a\" data-element_type=\"widget\" data-e-type=\"widget\" data-widget_type=\"text-editor.default\">\n\t\t\t\t<div class=\"elementor-widget-container\">\n\t\t\t\t\t\t\t\t\t<p>001 Ksenija Duki\u0107 (PROFI)<\/p><p>002 Hajdana Mugo\u0161a (PROFI)<\/p><p>003 Branko Gazdi\u0107\u00a0 (MASTER)<\/p><p>004 Ana Gazdi\u0107 (OSNOVNA)<\/p><p>005 Milo\u0161 Savovi\u0107 (PROFI)<\/p><p>006 Danijela Poleksi\u0107 (PROFI)<\/p><p>007 Nemanja Malovi\u0107 (OSNOVNA)<\/p><p>008 Jelena Malovi\u0107 (OSNOVNA)<\/p><p>009 Boban \u0106ukovi\u0107 (OSNOVNA)<\/p><p>010 Ana Lopu\u0161ina (PROFI)<\/p><p>011 Davor Kamid\u017eorac (PROFI)<\/p><p>012 \u0110or\u0111ije Premovi\u0107 (PROFI)<\/p><p>013 Jovan Vico (PROFI)<\/p><p>014 Sr\u0111an Brankovi\u0107 (PROFI)<\/p><p>015\u00a0<span style=\"font-size: 16px; font-style: normal; font-weight: 400;\">Marko Vukanovi\u0107 (PROFI)<\/span><\/p><p>016 Sr\u0111an Vuki\u0107evi\u0107 <span style=\"font-size: 16px; font-style: normal; font-weight: 400;\">(PROFI)<\/span><\/p><p>017 Sanja Popovi\u0107 <span style=\"font-size: 16px; font-style: normal; font-weight: 400;\">(PROFI)<\/span><\/p><p>018 Ljubica \u0160ekularac <span style=\"font-size: 16px; font-style: normal; font-weight: 400;\">(PROFI)<\/span><\/p><p>019 Savo Radunovi\u0107 (MASTER)<\/p><p>020 Igor Konopek <span style=\"font-size: 16px; font-style: normal; font-weight: 400;\">(PROFI)<\/span><\/p><p>021 Milena Radulovi\u0107 <span style=\"font-size: 16px; font-style: normal; font-weight: 400;\">(AMATERSKA)<\/span><\/p><p>022 Daliborka Davidovi\u0107 (OSNOVNA)<\/p><p>023 Dejan Milo\u0161evi\u0107 (OSNOVNA)<\/p><p>024 Jelena \u0106orovi\u0107 <span style=\"font-size: 16px; font-style: normal; font-weight: 400;\">(PROFI)<\/span><\/p><p>025 Branka Rajkovi\u0107 (OSNOVNA)<\/p><p>026 Ivona Tasi\u0107 (OSNOVNA)<\/p><p>027 Aleksandar Rako\u010devi\u0107 (MASTER)<\/p><p>028 Aleksandar Matkovi\u0107 (OSNOVNA)<\/p><p>029 Marko Jeli\u0107 (OSNOVNA)<\/p><p>030 Jasmin Hot (OSNOVNA)<\/p>\t\t\t\t\t\t\t\t<\/div>\n\t\t\t\t<\/div>\n\t\t\t\t\t<\/div>\n\t\t<\/div>\n\t\t\t\t\t<\/div>\n\t\t<\/section>\n\t\t\t\t<\/div>\n\t\t","protected":false},"excerpt":{"rendered":"<p>001 Ksenija Duki\u0107 (PROFI) 002 Hajdana Mugo\u0161a (PROFI) 003 Branko Gazdi\u0107\u00a0 (MASTER) 004 Ana Gazdi\u0107 (OSNOVNA) 005 Milo\u0161 Savovi\u0107 (PROFI) 006 Danijela Poleksi\u0107 (PROFI) 007 Nemanja Malovi\u0107 (OSNOVNA) 008 Jelena Malovi\u0107 (OSNOVNA) 009 Boban \u0106ukovi\u0107 (OSNOVNA) 010 Ana Lopu\u0161ina (PROFI) 011 Davor Kamid\u017eorac (PROFI) 012 \u0110or\u0111ije Premovi\u0107 (PROFI) 013 Jovan Vico (PROFI) 014 Sr\u0111an Brankovi\u0107 [&hellip;]<\/p>\n","protected":false},"author":2,"featured_media":0,"parent":0,"menu_order":0,"comment_status":"closed","ping_status":"closed","template":"","meta":{"site-sidebar-layout":"no-sidebar","site-content-layout":"page-builder","ast-site-content-layout":"default","site-content-style":"default","site-sidebar-style":"default","ast-global-header-display":"","ast-banner-title-visibility":"","ast-main-header-display":"","ast-hfb-above-header-display":"","ast-hfb-below-header-display":"","ast-hfb-mobile-header-display":"","site-post-title":"disabled","ast-breadcrumbs-content":"","ast-featured-img":"disabled","footer-sml-layout":"","ast-disable-related-posts":"","theme-transparent-header-meta":"default","adv-header-id-meta":"","stick-header-meta":"","header-above-stick-meta":"","header-main-stick-meta":"","header-below-stick-meta":"","astra-migrate-meta-layouts":"default","ast-page-background-enabled":"default","ast-page-background-meta":{"desktop":{"background-color":"","background-image":"","background-repeat":"repeat","background-position":"center center","background-size":"auto","background-attachment":"scroll","background-type":"","background-media":"","overlay-type":"","overlay-color":"","overlay-opacity":"","overlay-gradient":""},"tablet":{"background-color":"","background-image":"","background-repeat":"repeat","background-position":"center center","background-size":"auto","background-attachment":"scroll","background-type":"","background-media":"","overlay-type":"","overlay-color":"","overlay-opacity":"","overlay-gradient":""},"mobile":{"background-color":"","background-image":"","background-repeat":"repeat","background-position":"center center","background-size":"auto","background-attachment":"scroll","background-type":"","background-media":"","overlay-type":"","overlay-color":"","overlay-opacity":"","overlay-gradient":""}},"ast-content-background-meta":{"desktop":{"background-color":"var(--ast-global-color-5)","background-image":"","background-repeat":"repeat","background-position":"center center","background-size":"auto","background-attachment":"scroll","background-type":"","background-media":"","overlay-type":"","overlay-color":"","overlay-opacity":"","overlay-gradient":""},"tablet":{"background-color":"var(--ast-global-color-5)","background-image":"","background-repeat":"repeat","background-position":"center center","background-size":"auto","background-attachment":"scroll","background-type":"","background-media":"","overlay-type":"","overlay-color":"","overlay-opacity":"","overlay-gradient":""},"mobile":{"background-color":"var(--ast-global-color-5)","background-image":"","background-repeat":"repeat","background-position":"center center","background-size":"auto","background-attachment":"scroll","background-type":"","background-media":"","overlay-type":"","overlay-color":"","overlay-opacity":"","overlay-gradient":""}},"footnotes":""},"class_list":["post-539","page","type-page","status-publish","hentry"],"_links":{"self":[{"href":"https:\/\/bfscg.me\/index.php?rest_route=\/wp\/v2\/pages\/539","targetHints":{"allow":["GET"]}}],"collection":[{"href":"https:\/\/bfscg.me\/index.php?rest_route=\/wp\/v2\/pages"}],"about":[{"href":"https:\/\/bfscg.me\/index.php?rest_route=\/wp\/v2\/types\/page"}],"author":[{"embeddable":true,"href":"https:\/\/bfscg.me\/index.php?rest_route=\/wp\/v2\/users\/2"}],"replies":[{"embeddable":true,"href":"https:\/\/bfscg.me\/index.php?rest_route=%2Fwp%2Fv2%2Fcomments&post=539"}],"version-history":[{"count":5,"href":"https:\/\/bfscg.me\/index.php?rest_route=\/wp\/v2\/pages\/539\/revisions"}],"predecessor-version":[{"id":1428,"href":"https:\/\/bfscg.me\/index.php?rest_route=\/wp\/v2\/pages\/539\/revisions\/1428"}],"wp:attachment":[{"href":"https:\/\/bfscg.me\/index.php?rest_route=%2Fwp%2Fv2%2Fmedia&parent=539"}],"curies":[{"name":"wp","href":"https:\/\/api.w.org\/{rel}","templated":true}]}}